{"id":1045,"date":"2023-08-24T14:35:10","date_gmt":"2023-08-24T14:35:10","guid":{"rendered":"https:\/\/eelab.fr\/?page_id=1045"},"modified":"2026-02-24T15:18:45","modified_gmt":"2026-02-24T15:18:45","slug":"presse-eelab-montpellier","status":"publish","type":"page","link":"https:\/\/eelab.fr\/?page_id=1045","title":{"rendered":"Presse"},"content":{"rendered":"\n[et_pb_section fb_built=\u00a0\u00bb1&Prime; admin_label=\u00a0\u00bbAbout\u00a0\u00bb _builder_version=\u00a0\u00bb4.14.8&Prime; _module_preset=\u00a0\u00bbdefault\u00a0\u00bb background_color=\u00a0\u00bb#181739&Prime; background_enable_image=\u00a0\u00bboff\u00a0\u00bb custom_padding=\u00a0\u00bb160px||100px||false|false\u00a0\u00bb bottom_divider_style=\u00a0\u00bbasymmetric\u00a0\u00bb bottom_divider_color=\u00a0\u00bb#FFFFFF\u00a0\u00bb bottom_divider_flip=\u00a0\u00bbvertical\u00a0\u00bb bottom_divider_color_last_edited=\u00a0\u00bboff|desktop\u00a0\u00bb hover_enabled=\u00a0\u00bb0&Prime; global_colors_info=\u00a0\u00bb{}\u00a0\u00bb sticky_enabled=\u00a0\u00bb0&Prime;][et_pb_row column_structure=\u00a0\u00bb2_5,3_5&Prime; _builder_version=\u00a0\u00bb4.10.6&Prime; _module_preset=\u00a0\u00bbdefault\u00a0\u00bb global_colors_info=\u00a0\u00bb{}\u00a0\u00bb][et_pb_column type=\u00a0\u00bb2_5&Prime; _builder_version=\u00a0\u00bb4.10.6&Prime; _module_preset=\u00a0\u00bbdefault\u00a0\u00bb global_colors_info=\u00a0\u00bb{}\u00a0\u00bb][et_pb_image src=\u00a0\u00bbhttps:\/\/eelab.fr\/wp-content\/uploads\/2023\/08\/vanilla-bear-films-JEwNQerg3Hs-unsplash.jpg\u00a0\u00bb title_text=\u00a0\u00bbpresse\u00a0\u00bb _builder_version=\u00a0\u00bb4.14.8&Prime; _module_preset=\u00a0\u00bbdefault\u00a0\u00bb global_colors_info=\u00a0\u00bb{}\u00a0\u00bb][\/et_pb_image][\/et_pb_column][et_pb_column type=\u00a0\u00bb3_5&Prime; _builder_version=\u00a0\u00bb4.10.6&Prime; _module_preset=\u00a0\u00bbdefault\u00a0\u00bb global_colors_info=\u00a0\u00bb{}\u00a0\u00bb][et_pb_text _builder_version=\u00a0\u00bb4.14.8&Prime; _module_preset=\u00a0\u00bb003e9429-8e11-4d9e-968b-8881092bbf81&Prime; header_text_align=\u00a0\u00bbleft\u00a0\u00bb header_2_font=\u00a0\u00bbRoboto|500|||||||\u00a0\u00bb header_2_text_align=\u00a0\u00bbleft\u00a0\u00bb header_2_text_color=\u00a0\u00bb#FFFFFF\u00a0\u00bb header_2_font_size=\u00a0\u00bb40px\u00a0\u00bb header_2_line_height=\u00a0\u00bb1.2em\u00a0\u00bb header_2_font_size_tablet=\u00a0\u00bb30px\u00a0\u00bb header_2_font_size_phone=\u00a0\u00bb20px\u00a0\u00bb header_2_font_size_last_edited=\u00a0\u00bbon|desktop\u00a0\u00bb locked=\u00a0\u00bboff\u00a0\u00bb global_colors_info=\u00a0\u00bb{}\u00a0\u00bb]<h2>On parle du Lab dans la <span style='color:#794cab;'>Presse<\/span><\/h2>[\/et_pb_text][et_pb_text _builder_version=\u00a0\u00bb4.14.8&Prime; _module_preset=\u00a0\u00bb7262e956-c376-4aa6-9642-c413f71527d0&Prime; text_text_color=\u00a0\u00bbrgba(255,255,255,0.7)\u00a0\u00bb text_line_height=\u00a0\u00bb1.8em\u00a0\u00bb module_alignment=\u00a0\u00bbleft\u00a0\u00bb header_font_size_tablet=\u00a0\u00bb55px\u00a0\u00bb header_font_size_last_edited=\u00a0\u00bboff|desktop\u00a0\u00bb locked=\u00a0\u00bboff\u00a0\u00bb global_colors_info=\u00a0\u00bb{}\u00a0\u00bb]<p><span>Cette page rassemble une collection d&rsquo;articles de presse qui mettent en lumi\u00e8re les travaux et les r\u00e9sultats des recherche de EELab. Ces articles refl\u00e8tent l&rsquo;importance des recherches men\u00e9es par la chaire et leur pertinence pour le monde entrepreneurial.\u00a0<\/span><\/p>\n<p>&nbsp;<\/p>[\/et_pb_text][\/et_pb_column][\/et_pb_row][\/et_pb_section][et_pb_section fb_built=\u00a0\u00bb1&Prime; admin_label=\u00a0\u00bbEvents\u00a0\u00bb module_id=\u00a0\u00bbouvrages\u00a0\u00bb _builder_version=\u00a0\u00bb4.14.8&Prime; _module_preset=\u00a0\u00bbdefault\u00a0\u00bb background_color=\u00a0\u00bb#FFFFFF\u00a0\u00bb background_color_gradient_direction=\u00a0\u00bb90deg\u00a0\u00bb background_image=\u00a0\u00bbhttps:\/\/eelab.fr\/wp-content\/uploads\/2022\/05\/star_bg2.png\u00a0\u00bb custom_padding=\u00a0\u00bb40px||||false|false\u00a0\u00bb top_divider_color=\u00a0\u00bb#ede8de\u00a0\u00bb top_divider_flip=\u00a0\u00bbhorizontal\u00a0\u00bb locked=\u00a0\u00bboff\u00a0\u00bb global_colors_info=\u00a0\u00bb{}\u00a0\u00bb][et_pb_row _builder_version=\u00a0\u00bb4.10.6&Prime; _module_preset=\u00a0\u00bbdefault\u00a0\u00bb locked=\u00a0\u00bboff\u00a0\u00bb global_colors_info=\u00a0\u00bb{}\u00a0\u00bb][et_pb_column type=\u00a0\u00bb4_4&Prime; _builder_version=\u00a0\u00bb4.10.6&Prime; _module_preset=\u00a0\u00bbdefault\u00a0\u00bb global_colors_info=\u00a0\u00bb{}\u00a0\u00bb][et_pb_text disabled_on=\u00a0\u00bbon|on|on\u00a0\u00bb _builder_version=\u00a0\u00bb4.14.8&Prime; _module_preset=\u00a0\u00bb003e9429-8e11-4d9e-968b-8881092bbf81&Prime; header_2_font=\u00a0\u00bbRoboto|500|||||||\u00a0\u00bb header_2_text_align=\u00a0\u00bbcenter\u00a0\u00bb header_2_text_color=\u00a0\u00bb#000000&Prime; header_2_font_size=\u00a0\u00bb40px\u00a0\u00bb header_2_line_height=\u00a0\u00bb1.2em\u00a0\u00bb header_2_font_size_tablet=\u00a0\u00bb30px\u00a0\u00bb header_2_font_size_phone=\u00a0\u00bb20px\u00a0\u00bb header_2_font_size_last_edited=\u00a0\u00bbon|desktop\u00a0\u00bb disabled=\u00a0\u00bbon\u00a0\u00bb locked=\u00a0\u00bboff\u00a0\u00bb global_colors_info=\u00a0\u00bb{}\u00a0\u00bb]<h2>On parle du Lab dans la <span style=\"color: #8457b3;\">Presse<\/span><\/h2>[\/et_pb_text][et_pb_blog fullwidth=\u00a0\u00bboff\u00a0\u00bb posts_number=\u00a0\u00bb6&Prime; include_categories=\u00a0\u00bb20&Prime; show_author=\u00a0\u00bboff\u00a0\u00bb show_date=\u00a0\u00bboff\u00a0\u00bb show_pagination=\u00a0\u00bboff\u00a0\u00bb masonry_tile_background_color=\u00a0\u00bb#FFFFFF\u00a0\u00bb _builder_version=\u00a0\u00bb4.14.8&Prime; _module_preset=\u00a0\u00bbdefault\u00a0\u00bb header_level=\u00a0\u00bbh5&Prime; header_font=\u00a0\u00bbRoboto|500|||||||\u00a0\u00bb header_text_color=\u00a0\u00bb#000000&Prime; header_line_height=\u00a0\u00bb1.6em\u00a0\u00bb body_line_height=\u00a0\u00bb1.8em\u00a0\u00bb meta_font=\u00a0\u00bb|700|||||||\u00a0\u00bb meta_text_color=\u00a0\u00bb#8300E9&Prime; meta_font_size=\u00a0\u00bb12px\u00a0\u00bb meta_line_height=\u00a0\u00bb1.8em\u00a0\u00bb background_enable_color=\u00a0\u00bboff\u00a0\u00bb custom_padding_tablet=\u00a0\u00bb|30px||30px|false|true\u00a0\u00bb custom_padding_phone=\u00a0\u00bb|20px||20px|false|true\u00a0\u00bb custom_padding_last_edited=\u00a0\u00bboff|desktop\u00a0\u00bb border_width_all=\u00a0\u00bb0px\u00a0\u00bb box_shadow_style=\u00a0\u00bbpreset3&Prime; box_shadow_vertical=\u00a0\u00bb60px\u00a0\u00bb box_shadow_blur=\u00a0\u00bb60px\u00a0\u00bb box_shadow_spread=\u00a0\u00bb0px\u00a0\u00bb box_shadow_color=\u00a0\u00bbrgba(14,15,43,0.1)\u00a0\u00bb locked=\u00a0\u00bboff\u00a0\u00bb global_colors_info=\u00a0\u00bb{}\u00a0\u00bb][\/et_pb_blog][\/et_pb_column][\/et_pb_row][\/et_pb_section]\n","protected":false},"excerpt":{"rendered":"<p>On parle du Lab dans la PresseCette page rassemble une collection d&rsquo;articles de presse qui mettent en lumi\u00e8re les travaux et les r\u00e9sultats des recherche de EELab. Ces articles refl\u00e8tent l&rsquo;importance des recherches men\u00e9es par la chaire et leur pertinence pour le monde entrepreneurial.\u00a0 &nbsp;On parle du Lab dans la Presse<\/p>\n","protected":false},"author":1,"featured_media":0,"parent":0,"menu_order":0,"comment_status":"closed","ping_status":"closed","template":"","meta":{"_et_pb_use_builder":"on","_et_pb_old_content":"","_et_gb_content_width":"","footnotes":""},"class_list":["post-1045","page","type-page","status-publish","hentry"],"yoast_head":"<!-- This site is optimized with the Yoast SEO plugin v23.4 - https:\/\/yoast.com\/wordpress\/plugins\/seo\/ -->\n<title>Presse - Entrepreneurial Ecosystem Lab<\/title>\n<meta name=\"description\" content=\"Des recherches sont men\u00e9es dans diff\u00e9rents territoires sur une conceptualisation et une mod\u00e9lisation des \u00e9cosyst\u00e8mes entrepreneuriaux.\" \/>\n<meta name=\"robots\" content=\"index, follow, max-snippet:-1, max-image-preview:large, max-video-preview:-1\" \/>\n<link rel=\"canonical\" href=\"https:\/\/eelab.fr\/?page_id=1045\" \/>\n<meta property=\"og:locale\" content=\"fr_FR\" \/>\n<meta property=\"og:type\" content=\"article\" \/>\n<meta property=\"og:title\" content=\"Presse - Entrepreneurial Ecosystem Lab\" \/>\n<meta property=\"og:description\" content=\"Des recherches sont men\u00e9es dans diff\u00e9rents territoires sur une conceptualisation et une mod\u00e9lisation des \u00e9cosyst\u00e8mes entrepreneuriaux.\" \/>\n<meta property=\"og:url\" content=\"https:\/\/eelab.fr\/?page_id=1045\" \/>\n<meta property=\"og:site_name\" content=\"Entrepreneurial Ecosystem Lab\" \/>\n<meta property=\"article:modified_time\" content=\"2026-02-24T15:18:45+00:00\" \/>\n<meta name=\"twitter:card\" content=\"summary_large_image\" \/>\n<meta name=\"twitter:label1\" content=\"Dur\u00e9e de lecture estim\u00e9e\" \/>\n\t<meta name=\"twitter:data1\" content=\"2 minutes\" \/>\n<script type=\"application\/ld+json\" class=\"yoast-schema-graph\">{\"@context\":\"https:\/\/schema.org\",\"@graph\":[{\"@type\":\"WebPage\",\"@id\":\"https:\/\/eelab.fr\/?page_id=1045\",\"url\":\"https:\/\/eelab.fr\/?page_id=1045\",\"name\":\"Presse - Entrepreneurial Ecosystem Lab\",\"isPartOf\":{\"@id\":\"https:\/\/eelab.fr\/#website\"},\"datePublished\":\"2023-08-24T14:35:10+00:00\",\"dateModified\":\"2026-02-24T15:18:45+00:00\",\"description\":\"Des recherches sont men\u00e9es dans diff\u00e9rents territoires sur une conceptualisation et une mod\u00e9lisation des \u00e9cosyst\u00e8mes entrepreneuriaux.\",\"breadcrumb\":{\"@id\":\"https:\/\/eelab.fr\/?page_id=1045#breadcrumb\"},\"inLanguage\":\"fr-FR\",\"potentialAction\":[{\"@type\":\"ReadAction\",\"target\":[\"https:\/\/eelab.fr\/?page_id=1045\"]}]},{\"@type\":\"BreadcrumbList\",\"@id\":\"https:\/\/eelab.fr\/?page_id=1045#breadcrumb\",\"itemListElement\":[{\"@type\":\"ListItem\",\"position\":1,\"name\":\"Home\",\"item\":\"https:\/\/eelab.fr\/\"},{\"@type\":\"ListItem\",\"position\":2,\"name\":\"Presse\"}]},{\"@type\":\"WebSite\",\"@id\":\"https:\/\/eelab.fr\/#website\",\"url\":\"https:\/\/eelab.fr\/\",\"name\":\"Entrepreneurial Ecosystem Lab\",\"description\":\"Un espace d\u2019\u00e9change sur l\u2019entrepreneuriat et son accompagnement\",\"potentialAction\":[{\"@type\":\"SearchAction\",\"target\":{\"@type\":\"EntryPoint\",\"urlTemplate\":\"https:\/\/eelab.fr\/?s={search_term_string}\"},\"query-input\":{\"@type\":\"PropertyValueSpecification\",\"valueRequired\":true,\"valueName\":\"search_term_string\"}}],\"inLanguage\":\"fr-FR\"}]}<\/script>\n<!-- \/ Yoast SEO plugin. -->","yoast_head_json":{"title":"Presse - Entrepreneurial Ecosystem Lab","description":"Des recherches sont men\u00e9es dans diff\u00e9rents territoires sur une conceptualisation et une mod\u00e9lisation des \u00e9cosyst\u00e8mes entrepreneuriaux.","robots":{"index":"index","follow":"follow","max-snippet":"max-snippet:-1","max-image-preview":"max-image-preview:large","max-video-preview":"max-video-preview:-1"},"canonical":"https:\/\/eelab.fr\/?page_id=1045","og_locale":"fr_FR","og_type":"article","og_title":"Presse - Entrepreneurial Ecosystem Lab","og_description":"Des recherches sont men\u00e9es dans diff\u00e9rents territoires sur une conceptualisation et une mod\u00e9lisation des \u00e9cosyst\u00e8mes entrepreneuriaux.","og_url":"https:\/\/eelab.fr\/?page_id=1045","og_site_name":"Entrepreneurial Ecosystem Lab","article_modified_time":"2026-02-24T15:18:45+00:00","twitter_card":"summary_large_image","twitter_misc":{"Dur\u00e9e de lecture estim\u00e9e":"2 minutes"},"schema":{"@context":"https:\/\/schema.org","@graph":[{"@type":"WebPage","@id":"https:\/\/eelab.fr\/?page_id=1045","url":"https:\/\/eelab.fr\/?page_id=1045","name":"Presse - Entrepreneurial Ecosystem Lab","isPartOf":{"@id":"https:\/\/eelab.fr\/#website"},"datePublished":"2023-08-24T14:35:10+00:00","dateModified":"2026-02-24T15:18:45+00:00","description":"Des recherches sont men\u00e9es dans diff\u00e9rents territoires sur une conceptualisation et une mod\u00e9lisation des \u00e9cosyst\u00e8mes entrepreneuriaux.","breadcrumb":{"@id":"https:\/\/eelab.fr\/?page_id=1045#breadcrumb"},"inLanguage":"fr-FR","potentialAction":[{"@type":"ReadAction","target":["https:\/\/eelab.fr\/?page_id=1045"]}]},{"@type":"BreadcrumbList","@id":"https:\/\/eelab.fr\/?page_id=1045#breadcrumb","itemListElement":[{"@type":"ListItem","position":1,"name":"Home","item":"https:\/\/eelab.fr\/"},{"@type":"ListItem","position":2,"name":"Presse"}]},{"@type":"WebSite","@id":"https:\/\/eelab.fr\/#website","url":"https:\/\/eelab.fr\/","name":"Entrepreneurial Ecosystem Lab","description":"Un espace d\u2019\u00e9change sur l\u2019entrepreneuriat et son accompagnement","potentialAction":[{"@type":"SearchAction","target":{"@type":"EntryPoint","urlTemplate":"https:\/\/eelab.fr\/?s={search_term_string}"},"query-input":{"@type":"PropertyValueSpecification","valueRequired":true,"valueName":"search_term_string"}}],"inLanguage":"fr-FR"}]}},"_links":{"self":[{"href":"https:\/\/eelab.fr\/index.php?rest_route=\/wp\/v2\/pages\/1045","targetHints":{"allow":["GET"]}}],"collection":[{"href":"https:\/\/eelab.fr\/index.php?rest_route=\/wp\/v2\/pages"}],"about":[{"href":"https:\/\/eelab.fr\/index.php?rest_route=\/wp\/v2\/types\/page"}],"author":[{"embeddable":true,"href":"https:\/\/eelab.fr\/index.php?rest_route=\/wp\/v2\/users\/1"}],"replies":[{"embeddable":true,"href":"https:\/\/eelab.fr\/index.php?rest_route=%2Fwp%2Fv2%2Fcomments&post=1045"}],"version-history":[{"count":7,"href":"https:\/\/eelab.fr\/index.php?rest_route=\/wp\/v2\/pages\/1045\/revisions"}],"predecessor-version":[{"id":1938,"href":"https:\/\/eelab.fr\/index.php?rest_route=\/wp\/v2\/pages\/1045\/revisions\/1938"}],"wp:attachment":[{"href":"https:\/\/eelab.fr\/index.php?rest_route=%2Fwp%2Fv2%2Fmedia&parent=1045"}],"curies":[{"name":"wp","href":"https:\/\/api.w.org\/{rel}","templated":true}]}}